{"id":76,"date":"2022-12-19T15:01:34","date_gmt":"2022-12-19T14:01:34","guid":{"rendered":"http:\/\/cicmontventoux.com\/?page_id=76"},"modified":"2023-05-11T17:35:16","modified_gmt":"2023-05-11T15:35:16","slug":"programme","status":"publish","type":"page","link":"https:\/\/cicmontventoux.com\/index.php\/programme\/","title":{"rendered":"PROGRAMME"},"content":{"rendered":"\n<p><strong>Lundi 12 Juin : (non ouvert au public)<\/strong><\/p>\n\n\n\n<p>Permanence 17h \u00e0 18h (accr\u00e9ditations, presse, coureurs, invit\u00e9s, pilotes, prestataires&#8230;)<\/p>\n\n\n\n<p>R\u00e9union des DS \u00e0 18h15 avec le pr\u00e9sident du Jury et le Directeur de Course<\/p>\n\n\n\n<p><strong>Mardi 13 Juin <\/strong><\/p>\n\n\n\n<p><strong>THEATRE ROMAIN \u00e0 Vaison la Romaine <\/strong><\/p>\n\n\n\n<p>10h : Pr\u00e9sentation des \u00e9quipes au c\u0153ur du Th\u00e9\u00e2tre antique de Vaison la Romaine. Animation Daniel Mangeas, entr\u00e9e gratuite<\/p>\n\n\n\n<p>11h : Grand d\u00e9part des coureurs depuis la sc\u00e8ne du th\u00e9\u00e2tre <\/p>\n\n\n\n<p><strong>SOMMET DU MONT VENTOUX :<\/strong><\/p>\n\n\n\n<p>13h15 : premier passage des coureurs au sommet du Mont Ventoux<\/p>\n\n\n\n<p>15h30 : arriv\u00e9e des coureurs<\/p>\n","protected":false},"excerpt":{"rendered":"<p>Lundi 12 Juin : (non ouvert au public) Permanence 17h \u00e0 18h (accr\u00e9ditations, presse, coureurs, invit\u00e9s, pilotes, prestataires&#8230;) R\u00e9union des DS \u00e0 18h15 avec le pr\u00e9sident du Jury et le Directeur de Course Mardi 13 Juin THEATRE ROMAIN \u00e0 Vaison la Romaine 10h : Pr\u00e9sentation des \u00e9quipes au c\u0153ur du Th\u00e9\u00e2tre antique de Vaison la [&hellip;]<\/p>\n","protected":false},"author":1,"featured_media":0,"parent":0,"menu_order":0,"comment_status":"closed","ping_status":"closed","template":"","meta":{"footnotes":""},"class_list":["post-76","page","type-page","status-publish","hentry"],"_links":{"self":[{"href":"https:\/\/cicmontventoux.com\/index.php\/wp-json\/wp\/v2\/pages\/76","targetHints":{"allow":["GET"]}}],"collection":[{"href":"https:\/\/cicmontventoux.com\/index.php\/wp-json\/wp\/v2\/pages"}],"about":[{"href":"https:\/\/cicmontventoux.com\/index.php\/wp-json\/wp\/v2\/types\/page"}],"author":[{"embeddable":true,"href":"https:\/\/cicmontventoux.com\/index.php\/wp-json\/wp\/v2\/users\/1"}],"replies":[{"embeddable":true,"href":"https:\/\/cicmontventoux.com\/index.php\/wp-json\/wp\/v2\/comments?post=76"}],"version-history":[{"count":5,"href":"https:\/\/cicmontventoux.com\/index.php\/wp-json\/wp\/v2\/pages\/76\/revisions"}],"predecessor-version":[{"id":307,"href":"https:\/\/cicmontventoux.com\/index.php\/wp-json\/wp\/v2\/pages\/76\/revisions\/307"}],"wp:attachment":[{"href":"https:\/\/cicmontventoux.com\/index.php\/wp-json\/wp\/v2\/media?parent=76"}],"curies":[{"name":"wp","href":"https:\/\/api.w.org\/{rel}","templated":true}]}}